


{"id":712,"date":"2015-11-24T09:49:12","date_gmt":"2015-11-24T08:49:12","guid":{"rendered":"https:\/\/www-intuidoc.irisa.fr\/?page_id=712"},"modified":"2023-08-21T10:44:12","modified_gmt":"2023-08-21T08:44:12","slug":"anciens-membres","status":"publish","type":"page","link":"https:\/\/www-intuidoc.irisa.fr\/en\/anciens-membres\/","title":{"rendered":"Former members"},"content":{"rendered":"<p><\/p>\n<div class=\"article-content\">\n<div class=\"article-content\">\n<h1>Universit\u00e9 de Rennes 1<\/h1>\n<p><a href=\"mailto:Guy.Lorette@irisa.fr\">Guy Lorette<\/a> [professeur]<\/p>\n<h1>Inria Staff<\/h1>\n<p class=\"paragraphe\"><a href=\"mailto:Jacques.Andre@irisa.fr\">Jacques Andr\u00e9<\/a> [DR]<\/p>\n<h1>PhD Students<\/h1>\n<p><a href=\"https:\/\/simon-corbi.github.io\/\">Simon Corbille<\/a><\/p>\n<p>Camille Guerry<\/p>\n<p>Cl\u00e9ment Leroy<\/p>\n<p>Sol\u00e8ne Tarride<\/p>\n<p>Said Yacine Boulahia<\/p>\n<p>Zhaoxin Chen<\/p>\n<p>C\u00e9r\u00e8s Carton<\/p>\n<p>Manuel Bouillon<\/p>\n<p>Pei-Yu Li<\/p>\n<p>Abdullah Almaksour<\/p>\n<p>Joseph Chazalon<\/p>\n<p><a href=\"mailto:Adrien.Delaye@irisa.fr\">Adrien Delaye<\/a> <em><a href=\"http:\/\/sites.google.com\/site\/adriendelaye\/\">Site web<\/a><\/em><\/p>\n<p>Isaac Martinat<\/p>\n<p>Sebastien Mac\u00e9 [Soci\u00e9t\u00e9 Script&amp;Go]<\/p>\n<p class=\"paragraphe\">Fran\u00e7ois Bouteruche<\/p>\n<p class=\"paragraphe\"><a href=\"mailto:Christophe.Renaudin@gmail.com\">Christophe Renaudin<\/a><\/p>\n<p class=\"paragraphe\"><a href=\"mailto:Solen.Quiniou@gmail.com\">Solen Quiniou<\/a><\/p>\n<p class=\"paragraphe\"><a href=\"mailto:Harold.Mouchere@univ-nantes.fr\">Harold Mouch\u00e8re<\/a> [Ma\u00eetre de conf\u00e9rences de l&#8217;Universit\u00e9 de Nantes] <em> <a href=\"http:\/\/www.irccyn.ec-nantes.fr\/%7Emouchere\/\">Page web<\/a> <\/em><\/p>\n<p class=\"paragraphe\">Laetitia Rousseau<\/p>\n<p class=\"paragraphe\"><a href=\"mailto:sabine.carbonnel@mines-albi.fr\">Sabine Carbonnel<\/a> [Ing\u00e9nieur de recherche \u00e0 l&#8217;\u00e9cole des mines d&#8217;Albi]<\/p>\n<p class=\"paragraphe\">Nicolas Ragot [Ma\u00eetre de conf\u00e9rences \u00e0 l&#8217;Univ. de Tours]<\/p>\n<p class=\"paragraphe\">Laurent Pasquer<\/p>\n<p>Thomas Kwon Young Choi<\/p>\n<h1>Technical Staff<\/h1>\n<p>Wassim Swailey<\/p>\n<p>Iwan Le Floch<\/p>\n<p>Pauline Nerdeux<\/p>\n<p>Simon Bouvier<\/p>\n<p>Morgane Carry<\/p>\n<p>S\u00e9bastien Thomas<\/p>\n<p>Micka\u00ebl Renault<\/p>\n<p>Richard Lagrange<\/p>\n<p class=\"paragraphe\">Eric Le Lay<\/p>\n<p class=\"paragraphe\">Baptiste Poirriez<\/p>\n<p class=\"paragraphe\">Gr\u00e9goire Richard<\/p>\n<p class=\"paragraphe\">Laurent Guichard<\/p>\n<p class=\"paragraphe\">Mathieu P\u00e9cot<\/p>\n<p class=\"paragraphe\">Gr\u00e9gory Maitrallain<\/p>\n<p class=\"paragraphe\">Fabrice Boyer<\/p>\n<h1>Post doc<\/h1>\n<p class=\"paragraphe\">Alejandro Tosseli<\/p>\n<p class=\"paragraphe\">Mohammed Hindawi<\/p>\n<p>Damien Simonnet<\/p>\n<\/div>\n<\/div>\n<p><\/p>","protected":false},"excerpt":{"rendered":"<\/p>\n<p> Universit\u00e9 de Rennes 1 <\/p>\n<p><a href=\"mailto:Guy.Lorette@irisa.fr\">Guy Lorette<\/a> [professeur]<\/p>\n<p> Inria Staff <\/p>\n<p class=\"paragraphe\"><a href=\"mailto:Jacques.Andre@irisa.fr\">Jacques Andr\u00e9<\/a> [DR]<\/p>\n<p> PhD Students <\/p>\n<p><a href=\"https:\/\/simon-corbi.github.io\/\">Simon Corbille<\/a><\/p>\n<p>Camille Guerry<\/p>\n<p>Cl\u00e9ment Leroy<\/p>\n<p>Sol\u00e8ne Tarride<\/p>\n<p>Said Yacine Boulahia<\/p>\n<p>Zhaoxin Chen<\/p>\n<p>C\u00e9r\u00e8s Carton<\/p>\n<p>Manuel Bouillon<\/p>\n<p>Pei-Yu Li<\/p>\n<p>Abdullah Almaksour<\/p>\n<p>Joseph Chazalon<\/p>\n<p><a href=\"mailto:Adrien.Delaye@irisa.fr\">Adrien Delaye<\/a> <a href=\"http:\/\/sites.google.com\/site\/adriendelaye\/\">Site web<\/a><\/p>\n<p>Isaac Martinat<\/p>\n<p>Sebastien Mac\u00e9 [Soci\u00e9t\u00e9 Script&amp;Go]<\/p>\n<p &hellip; <\/p>\n<p><a class=\"more-link btn\" href=\"https:\/\/www-intuidoc.irisa.fr\/en\/anciens-membres\/\">Continue reading<\/a><\/p>\n","protected":false},"author":1565,"featured_media":0,"parent":0,"menu_order":0,"comment_status":"closed","ping_status":"closed","template":"","meta":{"footnotes":""},"class_list":["post-712","page","type-page","status-publish","hentry","nodate","item-wrap"],"_links":{"self":[{"href":"https:\/\/www-intuidoc.irisa.fr\/en\/wp-json\/wp\/v2\/pages\/712","targetHints":{"allow":["GET"]}}],"collection":[{"href":"https:\/\/www-intuidoc.irisa.fr\/en\/wp-json\/wp\/v2\/pages"}],"about":[{"href":"https:\/\/www-intuidoc.irisa.fr\/en\/wp-json\/wp\/v2\/types\/page"}],"author":[{"embeddable":true,"href":"https:\/\/www-intuidoc.irisa.fr\/en\/wp-json\/wp\/v2\/users\/1565"}],"replies":[{"embeddable":true,"href":"https:\/\/www-intuidoc.irisa.fr\/en\/wp-json\/wp\/v2\/comments?post=712"}],"version-history":[{"count":20,"href":"https:\/\/www-intuidoc.irisa.fr\/en\/wp-json\/wp\/v2\/pages\/712\/revisions"}],"predecessor-version":[{"id":2002,"href":"https:\/\/www-intuidoc.irisa.fr\/en\/wp-json\/wp\/v2\/pages\/712\/revisions\/2002"}],"wp:attachment":[{"href":"https:\/\/www-intuidoc.irisa.fr\/en\/wp-json\/wp\/v2\/media?parent=712"}],"curies":[{"name":"wp","href":"https:\/\/api.w.org\/{rel}","templated":true}]}}