


{"id":636,"date":"2015-11-09T14:29:39","date_gmt":"2015-11-09T13:29:39","guid":{"rendered":"https:\/\/www-intuidoc.irisa.fr\/?page_id=636"},"modified":"2015-11-09T14:29:39","modified_gmt":"2015-11-09T13:29:39","slug":"prix","status":"publish","type":"page","link":"https:\/\/www-intuidoc.irisa.fr\/en\/prix\/","title":{"rendered":"Awards"},"content":{"rendered":"<p><\/p>\n<div class=\"blog clearfix\">\n<div class=\"blog clearfix\">\n<div class=\"leading clearfix\">\n<div class=\"contentpaneopen\">\n<h2 class=\"contentheading\">2015<\/h2>\n<div class=\"article-content\">\n<ul>\n<li>Best student paper award at IGS 2015<br \/>\nManuel Bouillon, Eric Anquetil. Handwriting Analysis with Online Fuzzy Models. In Proceedings of the 17th Conference of the International Graphonomics Society (IGS&#8217;15), Pages 71-74, 2015.<\/li>\n<\/ul>\n<\/div>\n<\/div>\n<\/div>\n<div class=\"leading clearfix\">\n<div class=\"contentpaneopen\">\n<h2 class=\"contentheading\">2013<\/h2>\n<div class=\"article-content\">\n<ul>\n<li>Second position at <strong>ICDAR 2013 HIP WORKSHOP FAMILYSEARCH COMPETITION<\/strong><br \/>\nAur\u00e9lie Lemaitre, Jean Camillerapp. HIP 2013 FamilySearch Competition &#8211; Contribution of IRISA. In ICDAR Historical Image Processing Workshop (HIP2013), 2013<\/li>\n<\/ul>\n<\/div>\n<\/div>\n<\/div>\n<div class=\"leading clearfix\">\n<div class=\"contentpaneopen\">\n<h2 class=\"contentheading\">2011<\/h2>\n<div class=\"article-content\">\n<ul>\n<li>Best student paper in DRR&#8217;2011 (Document Recognition and Retrieval &#8211; Electronic Imaging)<br \/>\n&#8221; Introduction of statistical information in a syntactic analyser for document image recognition&#8221;, Andr\u00e9 O. Maroneze, Bertrand Co\u00fcasnon, Aur\u00e9lie Lemaitre<\/li>\n<\/ul>\n<\/div>\n<\/div>\n<\/div>\n<div class=\"leading clearfix\">\n<div class=\"contentpaneopen\">\n<h2 class=\"contentheading\">2008<\/h2>\n<div class=\"article-content\">\n<ul>\n<li>Best paper at CIFED&#8217;08 (Colloque International Francophone sur l&#8217;Ecrit et le Document)<br \/>\n&#8220;Reconnaissance hybride statistique-structurelle de sinogrammes par syst\u00e8me d&#8217;inf\u00e9rence floue&#8221;, Adrien Delaye, S\u00e9bastien Mac\u00e9, Eric Anquetil<\/li>\n<li>Best poster paper award at ICFHR&#8217;08 (The 11th International Conference on Frontiers in Handwriting Recognition)<br \/>\n&#8220;Fast Online Incremental Learning with Few Examples For Online Handwritten Character Recognition&#8221;, Abdullah Almaksour, Harold Mouch\u00e8re, Eric Anquetil.<\/li>\n<\/ul>\n<\/div>\n<\/div>\n<\/div>\n<div class=\"leading clearfix\">\n<div class=\"contentpaneopen\">\n<h2 class=\"contentheading\">2006<\/h2>\n<div class=\"article-content\">\n<ul>\n<li>Best paper at CADUI&#8217;06 (6th International Conference on Computer Aided Design of User Interfaces) &#8220;A Generic Approach for Pen-based User Interface Development&#8221;, S\u00e9bastien Mace and Eric Anquetil<\/li>\n<\/ul>\n<\/div>\n<\/div>\n<\/div>\n<div class=\"leading clearfix\">\n<div class=\"contentpaneopen\">\n<h2 class=\"contentheading\">2002<\/h2>\n<div class=\"article-content\">\n<ul>\n<li>Best paper at CIFED&#8217;02 (Colloque International Francophone sur l&#8217;Ecrit et le Document) &#8220;Combinaison hi\u00e9rarchique de syst\u00e8mes d&#8217;inf\u00e9rence floue: application \u00e0 la reconnaissance en-ligne de chiffres manuscrits.&#8221; N. Ragot and E. Anquetil.<\/li>\n<\/ul>\n<\/div>\n<\/div>\n<\/div>\n<\/div>\n<\/div>\n<p><\/p>","protected":false},"excerpt":{"rendered":"<\/p>\n<h2 class=\"contentheading\">2015<\/h2>\n<ul>\n<li>Best student paper award at IGS 2015 Manuel Bouillon, Eric Anquetil. Handwriting Analysis with Online Fuzzy Models. In Proceedings of the 17th Conference of the International Graphonomics Society (IGS&#8217;15), Pages 71-74, 2015.<\/li>\n<\/ul>\n<h2 class=\"contentheading\">2013<\/h2>\n<ul>\n<li>Second position at ICDAR 2013 HIP WORKSHOP FAMILYSEARCH COMPETITION Aur\u00e9lie Lemaitre, Jean Camillerapp. HIP 2013 &hellip;\n<p><a class=\"more-link btn\" href=\"https:\/\/www-intuidoc.irisa.fr\/en\/prix\/\">Continue reading<\/a><\/p>\n<\/li>\n<\/ul>\n","protected":false},"author":1565,"featured_media":0,"parent":0,"menu_order":0,"comment_status":"closed","ping_status":"closed","template":"","meta":{"footnotes":""},"class_list":["post-636","page","type-page","status-publish","hentry","nodate","item-wrap"],"_links":{"self":[{"href":"https:\/\/www-intuidoc.irisa.fr\/en\/wp-json\/wp\/v2\/pages\/636","targetHints":{"allow":["GET"]}}],"collection":[{"href":"https:\/\/www-intuidoc.irisa.fr\/en\/wp-json\/wp\/v2\/pages"}],"about":[{"href":"https:\/\/www-intuidoc.irisa.fr\/en\/wp-json\/wp\/v2\/types\/page"}],"author":[{"embeddable":true,"href":"https:\/\/www-intuidoc.irisa.fr\/en\/wp-json\/wp\/v2\/users\/1565"}],"replies":[{"embeddable":true,"href":"https:\/\/www-intuidoc.irisa.fr\/en\/wp-json\/wp\/v2\/comments?post=636"}],"version-history":[{"count":1,"href":"https:\/\/www-intuidoc.irisa.fr\/en\/wp-json\/wp\/v2\/pages\/636\/revisions"}],"predecessor-version":[{"id":637,"href":"https:\/\/www-intuidoc.irisa.fr\/en\/wp-json\/wp\/v2\/pages\/636\/revisions\/637"}],"wp:attachment":[{"href":"https:\/\/www-intuidoc.irisa.fr\/en\/wp-json\/wp\/v2\/media?parent=636"}],"curies":[{"name":"wp","href":"https:\/\/api.w.org\/{rel}","templated":true}]}}